{"id":162,"date":"2025-01-28T18:15:08","date_gmt":"2025-01-28T18:15:08","guid":{"rendered":"https:\/\/fevik-barnehage.no\/?page_id=162"},"modified":"2025-08-07T13:00:01","modified_gmt":"2025-08-07T13:00:01","slug":"planleggingsdager","status":"publish","type":"page","link":"https:\/\/fevik-barnehage.no\/?page_id=162","title":{"rendered":"Planleggingsdager"},"content":{"rendered":"\t\t<div data-elementor-type=\"wp-page\" data-elementor-id=\"162\" class=\"elementor elementor-162\" data-elementor-post-type=\"page\">\n\t\t\t\t<div class=\"elementor-element elementor-element-9396611 e-flex e-con-boxed e-con e-parent\" data-id=\"9396611\" data-element_type=\"container\" data-e-type=\"container\">\n\t\t\t\t\t<div class=\"e-con-inner\">\n\t\t\t\t<div class=\"elementor-element elementor-element-2101952 elementor-widget elementor-widget-heading\" data-id=\"2101952\" data-element_type=\"widget\" data-e-type=\"widget\" data-widget_type=\"heading.default\">\n\t\t\t\t<div class=\"elementor-widget-container\">\n\t\t\t\t\t<h2 class=\"elementor-heading-title elementor-size-default\">Det gjennomf\u00f8res fem planleggingsdager i l\u00f8pet av et barnehage\u00e5r. <br><br>\nInformasjon om hvilke dager det er, ligger som tavlepost p\u00e5 Kidplan og i \u00e5rsplanen.<\/h2>\t\t\t\t<\/div>\n\t\t\t\t<\/div>\n\t\t\t\t\t<\/div>\n\t\t\t\t<\/div>\n\t\t<div class=\"elementor-element elementor-element-205050f e-flex e-con-boxed e-con e-parent\" data-id=\"205050f\" data-element_type=\"container\" data-e-type=\"container\">\n\t\t\t\t\t<div class=\"e-con-inner\">\n\t\t\t\t<div class=\"elementor-element elementor-element-98d30a8 elementor-widget elementor-widget-spacer\" data-id=\"98d30a8\" data-element_type=\"widget\" data-e-type=\"widget\" data-widget_type=\"spacer.default\">\n\t\t\t\t<div class=\"elementor-widget-container\">\n\t\t\t\t\t\t\t<div class=\"elementor-spacer\">\n\t\t\t<div class=\"elementor-spacer-inner\"><\/div>\n\t\t<\/div>\n\t\t\t\t\t\t<\/div>\n\t\t\t\t<\/div>\n\t\t\t\t\t<\/div>\n\t\t\t\t<\/div>\n\t\t\t\t<\/div>\n\t\t","protected":false},"excerpt":{"rendered":"<p>Det gjennomf\u00f8res fem planleggingsdager i l\u00f8pet av et barnehage\u00e5r. Informasjon om hvilke dager det er, ligger som tavlepost p\u00e5 Kidplan og i \u00e5rsplanen.<\/p>\n","protected":false},"author":1,"featured_media":0,"parent":0,"menu_order":0,"comment_status":"closed","ping_status":"closed","template":"","meta":{"footnotes":""},"class_list":["post-162","page","type-page","status-publish","hentry"],"_links":{"self":[{"href":"https:\/\/fevik-barnehage.no\/index.php?rest_route=\/wp\/v2\/pages\/162","targetHints":{"allow":["GET"]}}],"collection":[{"href":"https:\/\/fevik-barnehage.no\/index.php?rest_route=\/wp\/v2\/pages"}],"about":[{"href":"https:\/\/fevik-barnehage.no\/index.php?rest_route=\/wp\/v2\/types\/page"}],"author":[{"embeddable":true,"href":"https:\/\/fevik-barnehage.no\/index.php?rest_route=\/wp\/v2\/users\/1"}],"replies":[{"embeddable":true,"href":"https:\/\/fevik-barnehage.no\/index.php?rest_route=%2Fwp%2Fv2%2Fcomments&post=162"}],"version-history":[{"count":16,"href":"https:\/\/fevik-barnehage.no\/index.php?rest_route=\/wp\/v2\/pages\/162\/revisions"}],"predecessor-version":[{"id":307,"href":"https:\/\/fevik-barnehage.no\/index.php?rest_route=\/wp\/v2\/pages\/162\/revisions\/307"}],"wp:attachment":[{"href":"https:\/\/fevik-barnehage.no\/index.php?rest_route=%2Fwp%2Fv2%2Fmedia&parent=162"}],"curies":[{"name":"wp","href":"https:\/\/api.w.org\/{rel}","templated":true}]}}